{"id":1455,"date":"2018-05-21T14:12:27","date_gmt":"2018-05-21T13:12:27","guid":{"rendered":"https:\/\/claudiacanu.com\/?page_id=1455"},"modified":"2018-12-16T19:32:38","modified_gmt":"2018-12-16T18:32:38","slug":"politica-de-privacidad","status":"publish","type":"page","link":"https:\/\/claudiacanu.com\/es\/politica-de-privacidad\/","title":{"rendered":"Pol\u00edtica de privacidad"},"content":{"rendered":"<h3>Para la Pol\u00edtica de Cookies, por favor visita la p\u00e1gina de <a href=\"https:\/\/claudiacanu.com\/es\/politica-de-cookies\/\" rel=\"\">Pol\u00edtica de Cookies<\/a><\/h3>\n<h2>Qui\u00e9n soy<\/h2>\n<p>La direcci\u00f3n de mi web es: https:\/\/claudiacanu.com. Mi nombre completo es Claudia Canu y mi email de contacto es hola@claudiacanu.com.<\/p>\n<h2>Qu\u00e9 datos personales recojo y por qu\u00e9 los recojo<\/h2>\n<h3>Comentarios<\/h3>\n<p>Cuando los visitantes dejan comentarios en la web, recopilo los datos que se muestran en el formulario de comentarios, as\u00ed como la direcci\u00f3n IP del visitante y la cadena de agentes de usuario del navegador para ayudar a la detecci\u00f3n de spam.<\/p>\n<p>Una cadena an\u00f3nima creada a partir de tu direcci\u00f3n de correo electr\u00f3nico (tambi\u00e9n llamada hash) puede ser proporcionada al servicio de Gravatar para ver si la est\u00e1s usando. La pol\u00edtica de privacidad del servicio Gravatar est\u00e1 disponible aqu\u00ed: https:\/\/automattic.com\/privacy\/. Despu\u00e9s de la aprobaci\u00f3n de tu comentario, la imagen de tu perfil es visible para el p\u00fablico en el contexto de su comentario.<\/p>\n<h3>Medios<\/h3>\n<p>Si subes im\u00e1genes a la web deber\u00edas evitar subir im\u00e1genes con datos de ubicaci\u00f3n (GPS EXIF) incluidos. Los visitantes de la web pueden descargar y extraer cualquier dato de localizaci\u00f3n de las im\u00e1genes de la web.<\/p>\n<h3>Formularios de contacto<\/h3>\n<p>Cuando env\u00edas un formulario de contacto, el sitio web guardar\u00e1 la siguiente informaci\u00f3n: tu nombre y tu correo electr\u00f3nico. No\u00a0hay un tiempo limitado en el cual se guardar\u00e1 esta inormaci\u00f3n pero es seguro que no la usar\u00e9 con fines de marketing. Si quieres que elimine tu informaci\u00f3n de mi base de datos, no dudes en contactarme, la eliminar\u00e9 en el caso de que haya alguna\u00a0preocupaci\u00f3n sobre tu privacidad.<\/p>\n<h3>Cookies<\/h3>\n<p>Si dejas un comentario en mi sitio puedes elegir guardar tu nombre, direcci\u00f3n de correo electr\u00f3nico y web en cookies. Esto es para tu comodidad, para que no tengas que volver a rellenar tus datos cuando dejes otro comentario. Estas cookies tendr\u00e1n una duraci\u00f3n de un a\u00f1o.<\/p>\n<p>Si tienes una cuenta y te conectas a este sitio, instalar\u00e9 una cookie temporal para determinar si tu navegador acepta cookies. Esta cookie no contiene datos personales y se elimina al cerrar el navegador.<\/p>\n<p>Cuando inicias sesi\u00f3n, tambi\u00e9n instalar\u00e9 varias cookies para guardar tu informaci\u00f3n de inicio de sesi\u00f3n y tus opciones de visualizaci\u00f3n de pantalla. Las cookies de inicio de sesi\u00f3n duran dos d\u00edas, y las cookies de opciones de pantalla duran un a\u00f1o. Si seleccionas \u00abRecordarme\u00bb, tu inicio de sesi\u00f3n perdurar\u00e1 durante dos semanas. Si sales de tu cuenta, las cookies de inicio de sesi\u00f3n se eliminar\u00e1n.<\/p>\n<p>Si editas o publicas un art\u00edculo se guardar\u00e1 una cookie adicional en tu navegador. Esta cookie no incluye datos personales y simplemente indica el ID del art\u00edculo que acabas de editar. Caduca despu\u00e9s de 1 d\u00eda.<\/p>\n<h3>Contenido incrustado de otros sitios web<\/h3>\n<p>Los art\u00edculos de este sitio pueden incluir contenido incrustado (por ejemplo, v\u00eddeos, im\u00e1genes, art\u00edculos, etc.). El contenido incrustado de otras web se comporta exactamente de la misma manera que si el visitante hubiera visitado la otra web.<\/p>\n<p>Estas webs pueden recopilar datos sobre ti, utilizar cookies, incrustar un seguimiento adicional de terceros, y supervisar tu interacci\u00f3n con ese contenido incrustado, incluido el seguimiento de su interacci\u00f3n con el contenido incrustado si tienes una cuenta y est\u00e1s conectado a esa web.<\/p>\n<h3>Anal\u00edtica<\/h3>\n<p>En mi web tengo instalado un plugin que recopila los datos relacionados con la web y los transmite a google analytics para que yo pueda saber sobre el tr\u00e1fico que llega a mi web. Esta es la pol\u00edtica de privacidad de google analytics:\u00a0https:\/\/www.google.com\/analytics\/learn\/privacy.html?hl=es<\/p>\n<h2>Con qui\u00e9n comparto tus datos<\/h2>\n<p>Algunos de tus datos son compartidos con google analytics, as\u00ed como mencionado arriba. Si, adem\u00e1s, te suscribes a mi blog, tus datos se compartir\u00e1n con Mailchimp que mantiene mis listas de suscriptores. Aqu\u00ed su pol\u00edtica de privacidad:\u00a0https:\/\/mailchimp.com\/legal\/privacy\/<\/p>\n<h2>Cu\u00e1nto tiempo conservo tus datos<\/h2>\n<p>Si dejas un comentario, el comentario y sus metadatos se conservan indefinidamente. Esto es para que pueda reconocer y aprobar comentarios sucesivos autom\u00e1ticamente en lugar de mantenerlos en una cola de moderaci\u00f3n.<\/p>\n<p>De los usuarios que se registran en mizz web (si los hay), tambi\u00e9n almacenamos la informaci\u00f3n personal que proporcionan en su perfil de usuario. Todos los usuarios pueden ver, editar o eliminar su informaci\u00f3n personal en cualquier momento (excepto que no pueden cambiar su nombre de usuario). Los administradores de la web tambi\u00e9n pueden ver y editar esa informaci\u00f3n.<\/p>\n<h2>Qu\u00e9 derechos tienes sobre tus datos<\/h2>\n<p>Si tienes una cuenta o has dejado comentarios en esta web, puedes solicitar recibir un archivo de exportaci\u00f3n de los datos personales que tenemos sobre ti, incluyendo cualquier dato que nos hayas proporcionado. Tambi\u00e9n puedes solicitar que eliminemos cualquier dato personal que tengamos sobre ti. Esto no incluye ning\u00fan dato que estemos obligados a conservar con fines administrativos, legales o de seguridad.<\/p>\n<h2>D\u00f3nde envio tus datos<\/h2>\n<p>Los comentarios de los visitantes puede que los revise un servicio de detecci\u00f3n autom\u00e1tica de spam.<\/p>\n<h2>Tu informaci\u00f3n de contacto<\/h2>\n<p>Si tienes preguntas espec\u00edficas de privacidad me puedes contactar al siguiente correo: hola@claudiacanu.com.<\/p>\n<h2>Informaci\u00f3n adicional<\/h2>\n<h3>C\u00f3mo protejo tus datos<\/h3>\n<p>Con la identificaci\u00f3n de dos factores.<\/p>\n<h3>Qu\u00e9 procedimientos utilizo contra las brechas de datos<\/h3>\n<p>Un sistema de informes interno proporcionado por un plugin.<\/p>\n<h3>De qu\u00e9 terceros recibo datos<\/h3>\n<p>No recibo datos de terceros.<\/p>\n<h3>Qu\u00e9 tipo de toma de decisiones automatizada y\/o perfilado hacemos con los datos del usuario<\/h3>\n<p>En mi web no hay un servicio que incluye la toma de decisiones automatizadas.<\/p>\n<h3>Requerimientos regulatorios de revelaci\u00f3n de informaci\u00f3n del sector<\/h3>\n<p>No hay nada espec\u00edfico.<\/p>\n","protected":false},"excerpt":{"rendered":"<p>Para la Pol\u00edtica de Cookies, por favor visita la p\u00e1gina de Pol\u00edtica de Cookies Qui\u00e9n soy La direcci\u00f3n de mi web es: https:\/\/claudiacanu.com. Mi nombre completo es Claudia Canu y mi email de contacto es hola@claudiacanu.com. Qu\u00e9 datos personales recojo y por qu\u00e9 los recojo Comentarios Cuando los visitantes dejan comentarios en la web, recopilo [&hellip;]<\/p>\n","protected":false},"author":3,"featured_media":0,"parent":0,"menu_order":52,"comment_status":"closed","ping_status":"closed","template":"","meta":{"_monsterinsights_skip_tracking":false,"_monsterinsights_sitenote_active":false,"_monsterinsights_sitenote_note":"","_monsterinsights_sitenote_category":0},"yoast_head":"<!-- This site is optimized with the Yoast SEO plugin v17.5 - https:\/\/yoast.com\/wordpress\/plugins\/seo\/ -->\n<title>Pol\u00edtica de privacidad | Read About The Privacy Policy For This Blog<\/title>\n<meta name=\"description\" content=\"On this page you can find all the information related to the privacy policy for this blog. Don&#039;t hesitate to reach out if you have any question.\" \/>\n<meta name=\"robots\" content=\"index, follow, max-snippet:-1, max-image-preview:large, max-video-preview:-1\" \/>\n<link rel=\"canonical\" href=\"https:\/\/claudiacanu.com\/es\/politica-de-privacidad\/\" \/>\n<meta property=\"og:locale\" content=\"es_ES\" \/>\n<meta property=\"og:type\" content=\"article\" \/>\n<meta property=\"og:title\" content=\"Pol\u00edtica de privacidad | Read About The Privacy Policy For This Blog\" \/>\n<meta property=\"og:description\" content=\"On this page you can find all the information related to the privacy policy for this blog. Don&#039;t hesitate to reach out if you have any question.\" \/>\n<meta property=\"og:url\" content=\"https:\/\/claudiacanu.com\/es\/politica-de-privacidad\/\" \/>\n<meta property=\"og:site_name\" content=\"Health Motivation\" \/>\n<meta property=\"article:publisher\" content=\"https:\/\/www.facebook.com\/ClaudiaCanudotCom\/\" \/>\n<meta property=\"article:modified_time\" content=\"2018-12-16T18:32:38+00:00\" \/>\n<meta name=\"twitter:card\" content=\"summary_large_image\" \/>\n<meta name=\"twitter:site\" content=\"@claudiacanu_com\" \/>\n<meta name=\"twitter:label1\" content=\"Tiempo de lectura\" \/>\n\t<meta name=\"twitter:data1\" content=\"5 minutos\" \/>\n<script type=\"application\/ld+json\" class=\"yoast-schema-graph\">{\"@context\":\"https:\/\/schema.org\",\"@graph\":[{\"@type\":[\"Person\",\"Organization\"],\"@id\":\"https:\/\/claudiacanu.com\/#\/schema\/person\/095b61b889bc26b33c8b1a9d72bae8a1\",\"name\":\"Claudia Canu\",\"image\":{\"@type\":\"ImageObject\",\"@id\":\"https:\/\/claudiacanu.com\/#personlogo\",\"inLanguage\":\"es\",\"url\":\"https:\/\/secure.gravatar.com\/avatar\/9af21cedf0171d4cf53610e76bb9a76a?s=96&r=g\",\"contentUrl\":\"https:\/\/secure.gravatar.com\/avatar\/9af21cedf0171d4cf53610e76bb9a76a?s=96&r=g\",\"caption\":\"Claudia Canu\"},\"logo\":{\"@id\":\"https:\/\/claudiacanu.com\/#personlogo\"},\"description\":\"Claudia Canu is a former junk food and sugar addict transformed into a Health Motivator with a master's degree in Nutrition. She has created this website not only to share her \\\"Journey to her Healthy Forties\\\" but also to help other busy women with basic knowledge about nutrition and who don\\u2019t love cooking, to live a healthier life, and achieve big goals. To get in contact with Claudia, visit the contact page. To read more about her, click here.\",\"sameAs\":[\"https:\/\/claudiacanu.com\/\",\"https:\/\/www.facebook.com\/ClaudiaCanudotCom\/\",\"https:\/\/www.instagram.com\/claudiacanu_com\/\",\"https:\/\/www.pinterest.es\/healthybrunch\/\",\"https:\/\/twitter.com\/claudiacanu_com\"]},{\"@type\":\"WebSite\",\"@id\":\"https:\/\/claudiacanu.com\/#website\",\"url\":\"https:\/\/claudiacanu.com\/\",\"name\":\"Health Motivation\",\"description\":\"Where Nutrition Meets Habits\",\"publisher\":{\"@id\":\"https:\/\/claudiacanu.com\/#\/schema\/person\/095b61b889bc26b33c8b1a9d72bae8a1\"},\"potentialAction\":[{\"@type\":\"SearchAction\",\"target\":{\"@type\":\"EntryPoint\",\"urlTemplate\":\"https:\/\/claudiacanu.com\/?s={search_term_string}\"},\"query-input\":\"required name=search_term_string\"}],\"inLanguage\":\"es\"},{\"@type\":\"WebPage\",\"@id\":\"https:\/\/claudiacanu.com\/es\/politica-de-privacidad\/#webpage\",\"url\":\"https:\/\/claudiacanu.com\/es\/politica-de-privacidad\/\",\"name\":\"Pol\\u00edtica de privacidad | Read About The Privacy Policy For This Blog\",\"isPartOf\":{\"@id\":\"https:\/\/claudiacanu.com\/#website\"},\"datePublished\":\"2018-05-21T13:12:27+00:00\",\"dateModified\":\"2018-12-16T18:32:38+00:00\",\"description\":\"On this page you can find all the information related to the privacy policy for this blog. Don't hesitate to reach out if you have any question.\",\"breadcrumb\":{\"@id\":\"https:\/\/claudiacanu.com\/es\/politica-de-privacidad\/#breadcrumb\"},\"inLanguage\":\"es\",\"potentialAction\":[{\"@type\":\"ReadAction\",\"target\":[\"https:\/\/claudiacanu.com\/es\/politica-de-privacidad\/\"]}]},{\"@type\":\"BreadcrumbList\",\"@id\":\"https:\/\/claudiacanu.com\/es\/politica-de-privacidad\/#breadcrumb\",\"itemListElement\":[{\"@type\":\"ListItem\",\"position\":1,\"name\":\"Home\",\"item\":\"https:\/\/claudiacanu.com\/\"},{\"@type\":\"ListItem\",\"position\":2,\"name\":\"Pol\\u00edtica de privacidad\"}]}]}<\/script>\n<!-- \/ Yoast SEO plugin. -->","yoast_head_json":{"title":"Pol\u00edtica de privacidad | Read About The Privacy Policy For This Blog","description":"On this page you can find all the information related to the privacy policy for this blog. Don't hesitate to reach out if you have any question.","robots":{"index":"index","follow":"follow","max-snippet":"max-snippet:-1","max-image-preview":"max-image-preview:large","max-video-preview":"max-video-preview:-1"},"canonical":"https:\/\/claudiacanu.com\/es\/politica-de-privacidad\/","og_locale":"es_ES","og_type":"article","og_title":"Pol\u00edtica de privacidad | Read About The Privacy Policy For This Blog","og_description":"On this page you can find all the information related to the privacy policy for this blog. Don't hesitate to reach out if you have any question.","og_url":"https:\/\/claudiacanu.com\/es\/politica-de-privacidad\/","og_site_name":"Health Motivation","article_publisher":"https:\/\/www.facebook.com\/ClaudiaCanudotCom\/","article_modified_time":"2018-12-16T18:32:38+00:00","twitter_card":"summary_large_image","twitter_site":"@claudiacanu_com","twitter_misc":{"Tiempo de lectura":"5 minutos"},"schema":{"@context":"https:\/\/schema.org","@graph":[{"@type":["Person","Organization"],"@id":"https:\/\/claudiacanu.com\/#\/schema\/person\/095b61b889bc26b33c8b1a9d72bae8a1","name":"Claudia Canu","image":{"@type":"ImageObject","@id":"https:\/\/claudiacanu.com\/#personlogo","inLanguage":"es","url":"https:\/\/secure.gravatar.com\/avatar\/9af21cedf0171d4cf53610e76bb9a76a?s=96&r=g","contentUrl":"https:\/\/secure.gravatar.com\/avatar\/9af21cedf0171d4cf53610e76bb9a76a?s=96&r=g","caption":"Claudia Canu"},"logo":{"@id":"https:\/\/claudiacanu.com\/#personlogo"},"description":"Claudia Canu is a former junk food and sugar addict transformed into a Health Motivator with a master's degree in Nutrition. She has created this website not only to share her \"Journey to her Healthy Forties\" but also to help other busy women with basic knowledge about nutrition and who don\u2019t love cooking, to live a healthier life, and achieve big goals. To get in contact with Claudia, visit the contact page. To read more about her, click here.","sameAs":["https:\/\/claudiacanu.com\/","https:\/\/www.facebook.com\/ClaudiaCanudotCom\/","https:\/\/www.instagram.com\/claudiacanu_com\/","https:\/\/www.pinterest.es\/healthybrunch\/","https:\/\/twitter.com\/claudiacanu_com"]},{"@type":"WebSite","@id":"https:\/\/claudiacanu.com\/#website","url":"https:\/\/claudiacanu.com\/","name":"Health Motivation","description":"Where Nutrition Meets Habits","publisher":{"@id":"https:\/\/claudiacanu.com\/#\/schema\/person\/095b61b889bc26b33c8b1a9d72bae8a1"},"potentialAction":[{"@type":"SearchAction","target":{"@type":"EntryPoint","urlTemplate":"https:\/\/claudiacanu.com\/?s={search_term_string}"},"query-input":"required name=search_term_string"}],"inLanguage":"es"},{"@type":"WebPage","@id":"https:\/\/claudiacanu.com\/es\/politica-de-privacidad\/#webpage","url":"https:\/\/claudiacanu.com\/es\/politica-de-privacidad\/","name":"Pol\u00edtica de privacidad | Read About The Privacy Policy For This Blog","isPartOf":{"@id":"https:\/\/claudiacanu.com\/#website"},"datePublished":"2018-05-21T13:12:27+00:00","dateModified":"2018-12-16T18:32:38+00:00","description":"On this page you can find all the information related to the privacy policy for this blog. Don't hesitate to reach out if you have any question.","breadcrumb":{"@id":"https:\/\/claudiacanu.com\/es\/politica-de-privacidad\/#breadcrumb"},"inLanguage":"es","potentialAction":[{"@type":"ReadAction","target":["https:\/\/claudiacanu.com\/es\/politica-de-privacidad\/"]}]},{"@type":"BreadcrumbList","@id":"https:\/\/claudiacanu.com\/es\/politica-de-privacidad\/#breadcrumb","itemListElement":[{"@type":"ListItem","position":1,"name":"Home","item":"https:\/\/claudiacanu.com\/"},{"@type":"ListItem","position":2,"name":"Pol\u00edtica de privacidad"}]}]}},"_links":{"self":[{"href":"https:\/\/claudiacanu.com\/es\/wp-json\/wp\/v2\/pages\/1455"}],"collection":[{"href":"https:\/\/claudiacanu.com\/es\/wp-json\/wp\/v2\/pages"}],"about":[{"href":"https:\/\/claudiacanu.com\/es\/wp-json\/wp\/v2\/types\/page"}],"author":[{"embeddable":true,"href":"https:\/\/claudiacanu.com\/es\/wp-json\/wp\/v2\/users\/3"}],"replies":[{"embeddable":true,"href":"https:\/\/claudiacanu.com\/es\/wp-json\/wp\/v2\/comments?post=1455"}],"version-history":[{"count":3,"href":"https:\/\/claudiacanu.com\/es\/wp-json\/wp\/v2\/pages\/1455\/revisions"}],"predecessor-version":[{"id":1480,"href":"https:\/\/claudiacanu.com\/es\/wp-json\/wp\/v2\/pages\/1455\/revisions\/1480"}],"wp:attachment":[{"href":"https:\/\/claudiacanu.com\/es\/wp-json\/wp\/v2\/media?parent=1455"}],"curies":[{"name":"wp","href":"https:\/\/api.w.org\/{rel}","templated":true}]}}