{"id":1472,"date":"2018-05-22T11:07:09","date_gmt":"2018-05-22T10:07:09","guid":{"rendered":"https:\/\/claudiacanu.com\/?page_id=1472"},"modified":"2018-05-22T11:07:09","modified_gmt":"2018-05-22T10:07:09","slug":"politica-de-cookies","status":"publish","type":"page","link":"https:\/\/claudiacanu.com\/es\/politica-de-cookies\/","title":{"rendered":"Pol\u00edtica de cookies"},"content":{"rendered":"<h3>Cookies y c\u00f3mo te benefician<\/h3>\n<p>Mi p\u00e1gina web utiliza cookies, como lo hacen casi todos los sitios web, para ayudar a brindarte la mejor experiencia posible. Las cookies son peque\u00f1os archivos de texto que se colocan en tu ordenador o tel\u00e9fono m\u00f3vil cuando navegas por sitios web.<\/p>\n<p>Las cookies de mi p\u00e1gina me ayudan a:<\/p>\n<ul>\n<li>Hacer que mi sitio web funcione como te esperar\u00edas<\/li>\n<li>Recordar tu configuraci\u00f3n durante y entre las visitas<\/li>\n<li>Mejorar la velocidad\/seguridad del sitio<\/li>\n<li>Permitir compartir p\u00e1ginas con redes sociales como Facebook<\/li>\n<li>Mejorar continuamente mi sitio web para ti<\/li>\n<li>Hacer que mi marketing sea m\u00e1s eficiente<\/li>\n<\/ul>\n<p>No uso cookies para:<\/p>\n<ul>\n<li>Recojer cualquier informaci\u00f3n de identificaci\u00f3n personal (sin tu permiso expreso)<\/li>\n<li>Recojer cualquier informaci\u00f3n sensible (sin tu permiso expreso)<\/li>\n<li>Pasar datos a redes publicitarias<\/li>\n<li>Pasar datos de identificaci\u00f3n personal a terceros<\/li>\n<li>Pagar comisiones de ventas<\/li>\n<\/ul>\n<p>Puedes obtener m\u00e1s informaci\u00f3n sobre todas las cookies que utilizamos a continuaci\u00f3n.<\/p>\n<h3>Concedi\u00e9ndonos permiso para usar cookies<\/h3>\n<p>Si la configuraci\u00f3n del software que est\u00e1s utilizando para ver este sitio web (tu navegador) est\u00e1 ajustada para aceptar cookies, tomo esto, y tu uso continuado de mi sitio web, como confirmaci\u00f3n que est\u00e1 de acuerdo con esto. Si deseas eliminar o no utilizar cookies de mi sitio, puedes obtener informaci\u00f3n sobre c\u00f3mo hacerlo a continuaci\u00f3n, sin embargo, es posible que mi sitio no funcione como te esperar\u00edas.<\/p>\n<h3>M\u00e1s sobre nuestras cookies<\/h3>\n<p>Cookies de funciones del sitio web<\/p>\n<p>Uso cookies para hacer que mi sitio web funcione, incluyendo:<\/p>\n<ul>\n<li>El recuerdo de tu configuraci\u00f3n de b\u00fasqueda<\/li>\n<\/ul>\n<p>No hay forma de evitar que estas cookies se configuren si no dejando de usar nuestro sitio.<\/p>\n<p>Cookies de sitios web de redes sociales<\/p>\n<p>Para que puedas pooner un \u00abMe gusta\u00bb o compartir mi contenido en Facebook, Twitter y cualquier otra red social, he incluido botones en mi sitio para que te sea m\u00e1s f\u00e1cil compartir.<\/p>\n<p>Las cookies se establecen por:<\/p>\n<ul>\n<li>Facebook<\/li>\n<li>Instagram<\/li>\n<li>Twitter<\/li>\n<li>Pinterest<\/li>\n<li>y todas las redes sociales inclu\u00eddas en el bot\u00f3n de compartir<\/li>\n<\/ul>\n<p>Las implicaciones de privacidad en esto variar\u00e1n de red social a red social y depender\u00e1n de la configuraci\u00f3n de privacidad que hayas elegido en estas redes.<\/p>\n<p>Cookies de estad\u00edsticas de visitas<\/p>\n<p>Utilizo cookies para compilar estad\u00edsticas de visitas, como cu\u00e1ntas personas han visitado mi sitio web, qu\u00e9 tipo de tecnolog\u00eda est\u00e1n utilizando (por ejemplo, Mac o Windows que ayuda a identificar cu\u00e1ndo mi sitio no funciona como deber\u00eda para tecnolog\u00edas particulares), cu\u00e1nto tiempo pasan en el sitio, qu\u00e9 p\u00e1ginas ven, etc. Esto me ayuda a mejorar continuamente mi sitio web. Los llamados programas de \u00aban\u00e1lisis\u00bb tambi\u00e9n me dicen como las personas llegaron a este sitio (por ejemplo, desde un motor de b\u00fasqueda) y si lo han visitado antes. De esta forma puedo invertir mi tiempo y dinero en desarrollar mis servicios para ti en lugar de gastarlo en marketing.<\/p>\n","protected":false},"excerpt":{"rendered":"<p>Cookies y c\u00f3mo te benefician Mi p\u00e1gina web utiliza cookies, como lo hacen casi todos los sitios web, para ayudar a brindarte la mejor experiencia posible. Las cookies son peque\u00f1os archivos de texto que se colocan en tu ordenador o tel\u00e9fono m\u00f3vil cuando navegas por sitios web. Las cookies de mi p\u00e1gina me ayudan a: [&hellip;]<\/p>\n","protected":false},"author":3,"featured_media":0,"parent":0,"menu_order":49,"comment_status":"closed","ping_status":"closed","template":"","meta":{"_monsterinsights_skip_tracking":false,"_monsterinsights_sitenote_active":false,"_monsterinsights_sitenote_note":"","_monsterinsights_sitenote_category":0},"yoast_head":"<!-- This site is optimized with the Yoast SEO plugin v17.5 - https:\/\/yoast.com\/wordpress\/plugins\/seo\/ -->\n<title>Pol\u00edtica de cookies | Health Motivation<\/title>\n<meta name=\"robots\" content=\"index, follow, max-snippet:-1, max-image-preview:large, max-video-preview:-1\" \/>\n<link rel=\"canonical\" href=\"https:\/\/claudiacanu.com\/es\/politica-de-cookies\/\" \/>\n<meta property=\"og:locale\" content=\"es_ES\" \/>\n<meta property=\"og:type\" content=\"article\" \/>\n<meta property=\"og:title\" content=\"Pol\u00edtica de cookies | Health Motivation\" \/>\n<meta property=\"og:description\" content=\"Cookies y c\u00f3mo te benefician Mi p\u00e1gina web utiliza cookies, como lo hacen casi todos los sitios web, para ayudar a brindarte la mejor experiencia posible. Las cookies son peque\u00f1os archivos de texto que se colocan en tu ordenador o tel\u00e9fono m\u00f3vil cuando navegas por sitios web. Las cookies de mi p\u00e1gina me ayudan a: [&hellip;]\" \/>\n<meta property=\"og:url\" content=\"https:\/\/claudiacanu.com\/es\/politica-de-cookies\/\" \/>\n<meta property=\"og:site_name\" content=\"Health Motivation\" \/>\n<meta property=\"article:publisher\" content=\"https:\/\/www.facebook.com\/ClaudiaCanudotCom\/\" \/>\n<meta name=\"twitter:card\" content=\"summary_large_image\" \/>\n<meta name=\"twitter:site\" content=\"@claudiacanu_com\" \/>\n<meta name=\"twitter:label1\" content=\"Tiempo de lectura\" \/>\n\t<meta name=\"twitter:data1\" content=\"3 minutos\" \/>\n<script type=\"application\/ld+json\" class=\"yoast-schema-graph\">{\"@context\":\"https:\/\/schema.org\",\"@graph\":[{\"@type\":[\"Person\",\"Organization\"],\"@id\":\"https:\/\/claudiacanu.com\/#\/schema\/person\/095b61b889bc26b33c8b1a9d72bae8a1\",\"name\":\"Claudia Canu\",\"image\":{\"@type\":\"ImageObject\",\"@id\":\"https:\/\/claudiacanu.com\/#personlogo\",\"inLanguage\":\"es\",\"url\":\"https:\/\/secure.gravatar.com\/avatar\/9af21cedf0171d4cf53610e76bb9a76a?s=96&r=g\",\"contentUrl\":\"https:\/\/secure.gravatar.com\/avatar\/9af21cedf0171d4cf53610e76bb9a76a?s=96&r=g\",\"caption\":\"Claudia Canu\"},\"logo\":{\"@id\":\"https:\/\/claudiacanu.com\/#personlogo\"},\"description\":\"Claudia Canu is a former junk food and sugar addict transformed into a Health Motivator with a master's degree in Nutrition. She has created this website not only to share her \\\"Journey to her Healthy Forties\\\" but also to help other busy women with basic knowledge about nutrition and who don\\u2019t love cooking, to live a healthier life, and achieve big goals. To get in contact with Claudia, visit the contact page. To read more about her, click here.\",\"sameAs\":[\"https:\/\/claudiacanu.com\/\",\"https:\/\/www.facebook.com\/ClaudiaCanudotCom\/\",\"https:\/\/www.instagram.com\/claudiacanu_com\/\",\"https:\/\/www.pinterest.es\/healthybrunch\/\",\"https:\/\/twitter.com\/claudiacanu_com\"]},{\"@type\":\"WebSite\",\"@id\":\"https:\/\/claudiacanu.com\/#website\",\"url\":\"https:\/\/claudiacanu.com\/\",\"name\":\"Health Motivation\",\"description\":\"Where Nutrition Meets Habits\",\"publisher\":{\"@id\":\"https:\/\/claudiacanu.com\/#\/schema\/person\/095b61b889bc26b33c8b1a9d72bae8a1\"},\"potentialAction\":[{\"@type\":\"SearchAction\",\"target\":{\"@type\":\"EntryPoint\",\"urlTemplate\":\"https:\/\/claudiacanu.com\/?s={search_term_string}\"},\"query-input\":\"required name=search_term_string\"}],\"inLanguage\":\"es\"},{\"@type\":\"WebPage\",\"@id\":\"https:\/\/claudiacanu.com\/es\/politica-de-cookies\/#webpage\",\"url\":\"https:\/\/claudiacanu.com\/es\/politica-de-cookies\/\",\"name\":\"Pol\\u00edtica de cookies | Health Motivation\",\"isPartOf\":{\"@id\":\"https:\/\/claudiacanu.com\/#website\"},\"datePublished\":\"2018-05-22T10:07:09+00:00\",\"dateModified\":\"2018-05-22T10:07:09+00:00\",\"breadcrumb\":{\"@id\":\"https:\/\/claudiacanu.com\/es\/politica-de-cookies\/#breadcrumb\"},\"inLanguage\":\"es\",\"potentialAction\":[{\"@type\":\"ReadAction\",\"target\":[\"https:\/\/claudiacanu.com\/es\/politica-de-cookies\/\"]}]},{\"@type\":\"BreadcrumbList\",\"@id\":\"https:\/\/claudiacanu.com\/es\/politica-de-cookies\/#breadcrumb\",\"itemListElement\":[{\"@type\":\"ListItem\",\"position\":1,\"name\":\"Home\",\"item\":\"https:\/\/claudiacanu.com\/\"},{\"@type\":\"ListItem\",\"position\":2,\"name\":\"Pol\\u00edtica de cookies\"}]}]}<\/script>\n<!-- \/ Yoast SEO plugin. -->","yoast_head_json":{"title":"Pol\u00edtica de cookies | Health Motivation","robots":{"index":"index","follow":"follow","max-snippet":"max-snippet:-1","max-image-preview":"max-image-preview:large","max-video-preview":"max-video-preview:-1"},"canonical":"https:\/\/claudiacanu.com\/es\/politica-de-cookies\/","og_locale":"es_ES","og_type":"article","og_title":"Pol\u00edtica de cookies | Health Motivation","og_description":"Cookies y c\u00f3mo te benefician Mi p\u00e1gina web utiliza cookies, como lo hacen casi todos los sitios web, para ayudar a brindarte la mejor experiencia posible. Las cookies son peque\u00f1os archivos de texto que se colocan en tu ordenador o tel\u00e9fono m\u00f3vil cuando navegas por sitios web. Las cookies de mi p\u00e1gina me ayudan a: [&hellip;]","og_url":"https:\/\/claudiacanu.com\/es\/politica-de-cookies\/","og_site_name":"Health Motivation","article_publisher":"https:\/\/www.facebook.com\/ClaudiaCanudotCom\/","twitter_card":"summary_large_image","twitter_site":"@claudiacanu_com","twitter_misc":{"Tiempo de lectura":"3 minutos"},"schema":{"@context":"https:\/\/schema.org","@graph":[{"@type":["Person","Organization"],"@id":"https:\/\/claudiacanu.com\/#\/schema\/person\/095b61b889bc26b33c8b1a9d72bae8a1","name":"Claudia Canu","image":{"@type":"ImageObject","@id":"https:\/\/claudiacanu.com\/#personlogo","inLanguage":"es","url":"https:\/\/secure.gravatar.com\/avatar\/9af21cedf0171d4cf53610e76bb9a76a?s=96&r=g","contentUrl":"https:\/\/secure.gravatar.com\/avatar\/9af21cedf0171d4cf53610e76bb9a76a?s=96&r=g","caption":"Claudia Canu"},"logo":{"@id":"https:\/\/claudiacanu.com\/#personlogo"},"description":"Claudia Canu is a former junk food and sugar addict transformed into a Health Motivator with a master's degree in Nutrition. She has created this website not only to share her \"Journey to her Healthy Forties\" but also to help other busy women with basic knowledge about nutrition and who don\u2019t love cooking, to live a healthier life, and achieve big goals. To get in contact with Claudia, visit the contact page. To read more about her, click here.","sameAs":["https:\/\/claudiacanu.com\/","https:\/\/www.facebook.com\/ClaudiaCanudotCom\/","https:\/\/www.instagram.com\/claudiacanu_com\/","https:\/\/www.pinterest.es\/healthybrunch\/","https:\/\/twitter.com\/claudiacanu_com"]},{"@type":"WebSite","@id":"https:\/\/claudiacanu.com\/#website","url":"https:\/\/claudiacanu.com\/","name":"Health Motivation","description":"Where Nutrition Meets Habits","publisher":{"@id":"https:\/\/claudiacanu.com\/#\/schema\/person\/095b61b889bc26b33c8b1a9d72bae8a1"},"potentialAction":[{"@type":"SearchAction","target":{"@type":"EntryPoint","urlTemplate":"https:\/\/claudiacanu.com\/?s={search_term_string}"},"query-input":"required name=search_term_string"}],"inLanguage":"es"},{"@type":"WebPage","@id":"https:\/\/claudiacanu.com\/es\/politica-de-cookies\/#webpage","url":"https:\/\/claudiacanu.com\/es\/politica-de-cookies\/","name":"Pol\u00edtica de cookies | Health Motivation","isPartOf":{"@id":"https:\/\/claudiacanu.com\/#website"},"datePublished":"2018-05-22T10:07:09+00:00","dateModified":"2018-05-22T10:07:09+00:00","breadcrumb":{"@id":"https:\/\/claudiacanu.com\/es\/politica-de-cookies\/#breadcrumb"},"inLanguage":"es","potentialAction":[{"@type":"ReadAction","target":["https:\/\/claudiacanu.com\/es\/politica-de-cookies\/"]}]},{"@type":"BreadcrumbList","@id":"https:\/\/claudiacanu.com\/es\/politica-de-cookies\/#breadcrumb","itemListElement":[{"@type":"ListItem","position":1,"name":"Home","item":"https:\/\/claudiacanu.com\/"},{"@type":"ListItem","position":2,"name":"Pol\u00edtica de cookies"}]}]}},"_links":{"self":[{"href":"https:\/\/claudiacanu.com\/es\/wp-json\/wp\/v2\/pages\/1472"}],"collection":[{"href":"https:\/\/claudiacanu.com\/es\/wp-json\/wp\/v2\/pages"}],"about":[{"href":"https:\/\/claudiacanu.com\/es\/wp-json\/wp\/v2\/types\/page"}],"author":[{"embeddable":true,"href":"https:\/\/claudiacanu.com\/es\/wp-json\/wp\/v2\/users\/3"}],"replies":[{"embeddable":true,"href":"https:\/\/claudiacanu.com\/es\/wp-json\/wp\/v2\/comments?post=1472"}],"version-history":[{"count":1,"href":"https:\/\/claudiacanu.com\/es\/wp-json\/wp\/v2\/pages\/1472\/revisions"}],"predecessor-version":[{"id":1474,"href":"https:\/\/claudiacanu.com\/es\/wp-json\/wp\/v2\/pages\/1472\/revisions\/1474"}],"wp:attachment":[{"href":"https:\/\/claudiacanu.com\/es\/wp-json\/wp\/v2\/media?parent=1472"}],"curies":[{"name":"wp","href":"https:\/\/api.w.org\/{rel}","templated":true}]}}