{"id":359,"date":"2018-01-07T23:04:42","date_gmt":"2018-01-07T22:04:42","guid":{"rendered":"http:\/\/montenegrostudio.com\/claudiacanu\/about-me\/"},"modified":"2020-05-18T16:02:29","modified_gmt":"2020-05-18T15:02:29","slug":"sobre-mi","status":"publish","type":"page","link":"https:\/\/claudiacanu.com\/es\/sobre-mi\/","title":{"rendered":"Sobre m\u00ed"},"content":{"rendered":"\n<h2><figure><img class=\"size-large wp-image-542 aligncenter\" src=\"https:\/\/claudiacanu.com\/wp-content\/uploads\/2018\/02\/25076462989_73fbdb351d_k-1024x664.jpg\" alt=\"Foto de Claudia Canu del blog claudiacanu.com\" width=\"1024\" height=\"664\" srcset=\"https:\/\/claudiacanu.com\/wp-content\/uploads\/2018\/02\/25076462989_73fbdb351d_k-1024x664.jpg 1024w, https:\/\/claudiacanu.com\/wp-content\/uploads\/2018\/02\/25076462989_73fbdb351d_k-300x194.jpg 300w, https:\/\/claudiacanu.com\/wp-content\/uploads\/2018\/02\/25076462989_73fbdb351d_k-768x498.jpg 768w, https:\/\/claudiacanu.com\/wp-content\/uploads\/2018\/02\/25076462989_73fbdb351d_k.jpg 2048w\" sizes=\"(max-width: 1024px) 100vw, 1024px\" \/><\/figure><\/h2>\n\n\n\n<h2><b>\u00bfDe qu\u00e9 reto estamos hablando?<\/b><\/h2>\n\n\n\n<p><span style=\"font-weight: 400;\">Un d\u00eda de verano de 2017, con 39 a\u00f1os, decid\u00ed lanzarme un desaf\u00edo: <strong>cumplir los 40 siendo la mejor versi\u00f3n de m\u00ed misma, tanto f\u00edsica como mental y emocionalmente.<\/strong> Quer\u00eda llegar a ser la mujer que siempre quise ser, a pesar de que a menudo haya pensado que nunca podr\u00eda conseguirlo. O quiz\u00e1s precisamente por ello: quer\u00eda demostrarme que estaba equivocada y que nunca es tarde.<\/span><\/p>\n\n\n\n<p><span style=\"font-weight: 400;\"><strong>Fue un cambio a 360 grados que incluy\u00f3 tres pilares: cuerpo, mente y emociones<\/strong>. Quer\u00eda perder esa grasa que llevaba acumulando desde hace a\u00f1os, pero lo quer\u00eda hacer sin sufrir, sin obligaciones y manteniendo un equilibrio que me hiciera sentir bien.<\/span><\/p>\n\n\n\n<p><span style=\"font-weight: 400;\">No fue f\u00e1cil. Por un lado, porque soy amante de los dulces y suelo utilizar la comida en momentos de inestabilidad emocional. Por otro lado, porque llevaba ya 5 a\u00f1os escribiendo un blog sobre brunch y caf\u00e9 (<\/span><a href=\"http:\/\/www.coffeeandbrunchbcn.es\/\"><span style=\"font-weight: 400;\">www.coffeeandbrunchbcn.es<\/span><\/a><span style=\"font-weight: 400;\">) , lo que me llev\u00f3 a sumergirme en el mundo foodie, con todo lo que ello conllevaba. Finalmente, no hay que pasar por alto el hecho de que durante los 4 a\u00f1os anteriores, en muy raras ocasiones pis\u00e9 un gimnasio.<\/span><\/p>\n\n\n\n<blockquote class=\"wp-block-quote\"><p><span style=\"font-weight: 400;\">No ser\u00e1 f\u00e1cil, pero lo conseguir\u00e9. <\/span><\/p><\/blockquote>\n\n\n\n<p><span style=\"font-weight: 400;\">Eso era lo que sol\u00eda repetirme y me lo cre\u00eda de verdad.<\/span><\/p>\n\n\n\n<p><span style=\"font-weight: 400;\">Fue un viaje de alegr\u00edas y decepciones, como todo viaje, pero llegu\u00e9 a meta con muchos aprendizajes que me eran completamente ajenos en el momento de cruzar la l\u00ednea de salida. \u00bfHay algo m\u00e1s motivador que eso?&nbsp;<\/span><\/p>\n\n\n\n<p>Lo mejor de todo es que hoy en d\u00eda mantengo mi estilo de vida saludable sin muchos esfuerzos. Mi cuerpo me lo sigue agradeciendo y continua demostr\u00e1ndome que seguir manteniendo unos h\u00e1bitos saludables ayuda, no solo a mantener la l\u00ednea, sino a tener cierto nivel de energ\u00eda aunque ya haya superado los 40 a\u00f1os de edad.<\/p>\n\n\n\n<div class=\"wp-block-image\"><figure class=\"aligncenter\"><img width=\"794\" height=\"1123\" src=\"https:\/\/claudiacanu.com\/wp-content\/uploads\/2018\/06\/Photos-Before-after-claudiacanu.com_.jpg\" alt=\"Photos of a before and after losing weight\" class=\"wp-image-1696\" srcset=\"https:\/\/claudiacanu.com\/wp-content\/uploads\/2018\/06\/Photos-Before-after-claudiacanu.com_.jpg 794w, https:\/\/claudiacanu.com\/wp-content\/uploads\/2018\/06\/Photos-Before-after-claudiacanu.com_-212x300.jpg 212w, https:\/\/claudiacanu.com\/wp-content\/uploads\/2018\/06\/Photos-Before-after-claudiacanu.com_-768x1086.jpg 768w, https:\/\/claudiacanu.com\/wp-content\/uploads\/2018\/06\/Photos-Before-after-claudiacanu.com_-724x1024.jpg 724w\" sizes=\"(max-width: 794px) 100vw, 794px\" \/><\/figure><\/div>\n\n\n\n<h2><b>Qu\u00e9 hace una motivadora de salud y qu\u00e9 significa Health Motivation<\/b><\/h2>\n\n\n\n<p><span style=\"font-weight: 400;\">En internet no hay mucha informaci\u00f3n sobre lo que es una motivadora de salud, as\u00ed que puedo decir pr\u00e1cticamente que me lo he inventado, adue\u00f1\u00e1ndome del t\u00e9rmino para definir mi prop\u00f3sito: y es que <strong>con este blog espero motivar a m\u00e1s personas a cuidar de su salud como ant\u00eddoto a muchas dolencias, prevenci\u00f3n de otras o \u00fanicamente un modo de cultivar el bienestar de cuerpo, mente y esp\u00edritu<\/strong>. <\/span><\/p>\n\n\n\n<p><span style=\"font-weight: 400;\">No es por nada que salud f\u00edsica, emocional y mental est\u00e1n estrechamente interrelacionadas. &nbsp;<\/span><\/p>\n\n\n\n<h2>Qu\u00e9 vas a encontrar en este blog<\/h2>\n\n\n\n<p>Este blog se divide en tres partes principales:<\/p>\n\n\n\n<ol><li><strong>Mi viaje hacia unos cuarenta saludables<\/strong>, con art\u00edculos que he escrito durante el reto sobre lo que he ido aprendiendo durante esos 9 meses.<\/li><li><strong>Recetas saludables<\/strong>, divididas en recetas de desayuno, de brunch o para una merienda. Cada una de ellas viene con informaci\u00f3n nutricional as\u00ed como detalles sobre la receta, y todo acompa\u00f1ado de fotos y v\u00eddeo de la receta.<\/li><li><strong>Health Motivation blog<\/strong>, con art\u00edculos de nutrici\u00f3n y de motivaci\u00f3n donde contesto a las preguntas que posiblemente te rondan hace tiempo en la cabeza.<\/li><\/ol>\n\n\n\n<p>Para efectos de total transparencia, quisiera precisar que <strong>no soy vegana<\/strong>, pero eso no me impide disfrutar de comida que s\u00ed lo es. Adem\u00e1s, me gusta indicar si mis recetas son aptas para ciertas dietas porque entiendo las dificultades que se puede encontrar cuando hay restricciones alimenticias.<\/p>\n\n\n\n<h2><b>A qui\u00e9n podr\u00eda interesarle este blog<\/b><\/h2>\n\n\n\n<p><span style=\"font-weight: 400;\">A todas esas mujeres que quieren aprender a <strong>cuidarse de manera integral<\/strong> pero que, por alguna raz\u00f3n, todav\u00eda no lo han conseguido. <\/span><\/p>\n\n\n\n<p><span style=\"font-weight: 400;\">A todas esas mujeres que desean <strong>cambiar y llegar a ser esa mujer que hace a\u00f1os anhelan ser<\/strong>. <\/span><\/p>\n\n\n\n<p><span style=\"font-weight: 400;\">A todas esas mujeres que ya <strong>han dejado de creer en las dietas milagrosas<\/strong>. <\/span><\/p>\n\n\n\n<p><span style=\"font-weight: 400;\">A todas esas mujeres que <strong>no se sienten identificadas con estereotipos m\u00e1s propios de chicas muy j\u00f3venes<\/strong> o modelos que no parecen reales. <\/span><\/p>\n\n\n\n<p><span style=\"font-weight: 400;\">A todas esas mujeres que <strong>han dejado de copiar por copiar y han empezado a preguntarse el por qu\u00e9<\/strong>. <\/span><\/p>\n\n\n\n<h2><b>Por qu\u00e9 he decidido contar mi historia<\/b><\/h2>\n\n\n\n<p><span style=\"font-weight: 400;\">Pas\u00e9 por un momento en el cual me sent\u00eda completamente bloqueada y entend\u00ed que <strong>es m\u00e1s que probable que otras muchas mujeres se hayan sentido igual que yo<\/strong>, incapaces de avanzar por no sentirse completamente a gusto y en paz con ellas mismas. &nbsp;<\/span><\/p>\n\n\n\n<p><span style=\"font-weight: 400;\">Durante a\u00f1os busqu\u00e9 ayuda y ejemplos a los que seguir, pero lo \u00fanico que consegu\u00eda era coleccionar fracasos. Un d\u00eda decid\u00ed hacer las cosas de forma distinta: <strong>me par\u00e9 un momento y me di cuenta de que, depende de c\u00f3mo se enfoque, un cambio f\u00edsico est\u00e1 estrechamente relacionado con un cambio a nivel mental y emocional<\/strong>. Lo que siempre me hab\u00eda parecido una enorme monta\u00f1a imposible de coronar, se me antojaba una meta igual de grande pero alcanzable si lo hac\u00eda a trav\u00e9s del sendero correcto.<\/span><\/p>\n\n\n\n<p>Empec\u00e9 con un curso en <strong>Health &amp; Nutrition<\/strong> del Instituto Plankett, luego segu\u00ed con un curso de <strong>Coach Nutritional<\/strong> en INESEM, seguido de un <strong>M\u00e1ster en Nutrici\u00f3n Humana y Diet\u00e9tica<\/strong> en la misma escuela y otro certificado en <strong>Nutrition Coaching<\/strong> en el instituto Precision Nutrition.<\/p>\n\n\n\n<p>No creo que todo el mundo necesite invertir a\u00f1os de su vida para conseguir un cambio hacia un estilo de vida saludable y es por eso que <strong>mi misi\u00f3n es hacer que cuantas m\u00e1s mujeres consigan un cambio a una vida sana de manera sencilla<\/strong>.<\/p>\n\n\n\n<p><span style=\"font-weight: 400;\">Si has llegado hasta aqu\u00ed por casualidad y crees que no te hace falta o no te interesa cuidar de tu salud, no pasa nada. <\/span><\/p>\n\n\n\n<p><span style=\"font-weight: 400;\">Si, por el contrario, te has sentido identificada y necesitas ayuda y apoyo, no dudes en ponerte en contacto conmigo. <\/span><\/p>\n\n\n\n<p><span style=\"font-weight: 400;\">Adem\u00e1s, si crees que conoces a alguien (una hermana, una amiga, una compa\u00f1era de trabajo, etc.) qu\u00e9 puede estar interesada en un cambio a un estilo de vida saludable, <strong>te invito a que le env\u00edes el enlace a este blog<\/strong> (<\/span><a href=\"http:\/\/www.claudiacanu.com\/\"><span style=\"font-weight: 400;\">www.claudiacanu.com<\/span><\/a><span style=\"font-weight: 400;\">). <\/span><\/p>\n\n\n\n<blockquote class=\"wp-block-quote\"><p><span style=\"font-weight: 400;\">Es posible que con un gesto tan sencillo est\u00e9s generando un cambio importante en la vida de alguien. <\/span><\/p><\/blockquote>\n\n\n\n<p><span style=\"font-weight: 400;\">Gracias por tu visita. <\/span><\/p>\n\n\n\n<p><span style=\"font-weight: 400;\">Un fuerte abrazo,<\/span><\/p>\n\n\n\n<p><span style=\"font-weight: 400;\">Claudia<\/span><\/p>\n\n\n\n<div style=\"height:20px\" aria-hidden=\"true\" class=\"wp-block-spacer\"><\/div>\n\n\n\n<p><a href=\"https:\/\/claudiacanu.com\/es\/aviso-legal\/\">Aviso Legal<\/a><\/p>\n\n\n\n<p><a href=\"https:\/\/claudiacanu.com\/es\/politica-de-privacidad\/\">Pol\u00edtica de Privacidad<\/a><\/p>\n","protected":false},"excerpt":{"rendered":"<p>\u00bfDe qu\u00e9 reto estamos hablando? Un d\u00eda de verano de 2017, con 39 a\u00f1os, decid\u00ed lanzarme un desaf\u00edo: cumplir los 40 siendo la mejor versi\u00f3n de m\u00ed misma, tanto f\u00edsica como mental y emocionalmente. Quer\u00eda llegar a ser la mujer que siempre quise ser, a pesar de que a menudo haya pensado que nunca podr\u00eda [&hellip;]<\/p>\n","protected":false},"author":3,"featured_media":317,"parent":0,"menu_order":61,"comment_status":"closed","ping_status":"closed","template":"","meta":{"_monsterinsights_skip_tracking":false,"_monsterinsights_sitenote_active":false,"_monsterinsights_sitenote_note":"","_monsterinsights_sitenote_category":0},"yoast_head":"<!-- This site is optimized with the Yoast SEO plugin v17.5 - https:\/\/yoast.com\/wordpress\/plugins\/seo\/ -->\n<title>Sobre m\u00ed | Conoce a Claudia Canu y descubre su historia<\/title>\n<meta name=\"description\" content=\"Sol\u00eda tener una adicci\u00f3n para todo lo que fuera comida basura. Durante a\u00f1os, aunque lo intentara, no era capaz de mantener unos h\u00e1bitos saludables.\" \/>\n<meta name=\"robots\" content=\"index, follow, max-snippet:-1, max-image-preview:large, max-video-preview:-1\" \/>\n<link rel=\"canonical\" href=\"https:\/\/claudiacanu.com\/es\/sobre-mi\/\" \/>\n<meta property=\"og:locale\" content=\"es_ES\" \/>\n<meta property=\"og:type\" content=\"article\" \/>\n<meta property=\"og:title\" content=\"Sobre m\u00ed | Conoce a Claudia Canu y descubre su historia\" \/>\n<meta property=\"og:description\" content=\"Sol\u00eda tener una adicci\u00f3n para todo lo que fuera comida basura. Durante a\u00f1os, aunque lo intentara, no era capaz de mantener unos h\u00e1bitos saludables.\" \/>\n<meta property=\"og:url\" content=\"https:\/\/claudiacanu.com\/es\/sobre-mi\/\" \/>\n<meta property=\"og:site_name\" content=\"Health Motivation\" \/>\n<meta property=\"article:publisher\" content=\"https:\/\/www.facebook.com\/ClaudiaCanudotCom\/\" \/>\n<meta property=\"article:modified_time\" content=\"2020-05-18T15:02:29+00:00\" \/>\n<meta property=\"og:image\" content=\"https:\/\/claudiacanu.com\/wp-content\/uploads\/2018\/02\/Claudia-Canu-01.jpg\" \/>\n\t<meta property=\"og:image:width\" content=\"774\" \/>\n\t<meta property=\"og:image:height\" content=\"455\" \/>\n<meta name=\"twitter:card\" content=\"summary_large_image\" \/>\n<meta name=\"twitter:site\" content=\"@claudiacanu_com\" \/>\n<meta name=\"twitter:label1\" content=\"Tiempo de lectura\" \/>\n\t<meta name=\"twitter:data1\" content=\"5 minutos\" \/>\n<script type=\"application\/ld+json\" class=\"yoast-schema-graph\">{\"@context\":\"https:\/\/schema.org\",\"@graph\":[{\"@type\":[\"Person\",\"Organization\"],\"@id\":\"https:\/\/claudiacanu.com\/#\/schema\/person\/d750cd41cc7452fd662b606e9dfc0c81\",\"name\":\"Claudia Canu\",\"image\":{\"@type\":\"ImageObject\",\"@id\":\"https:\/\/claudiacanu.com\/#personlogo\",\"inLanguage\":\"es\",\"url\":\"https:\/\/secure.gravatar.com\/avatar\/9af21cedf0171d4cf53610e76bb9a76a?s=96&r=g\",\"contentUrl\":\"https:\/\/secure.gravatar.com\/avatar\/9af21cedf0171d4cf53610e76bb9a76a?s=96&r=g\",\"caption\":\"Claudia Canu\"},\"logo\":{\"@id\":\"https:\/\/claudiacanu.com\/#personlogo\"},\"description\":\"Claudia Canu is a former junk food and sugar addict transformed into a Health Motivator with a master's degree in Nutrition. She has created this website not only to share her \\\"Journey to her Healthy Forties\\\" but also to help other busy women with basic knowledge about nutrition and who don\\u2019t love cooking, to live a healthier life, and achieve big goals. To get in contact with Claudia, visit the contact page. To read more about her, click here.\",\"sameAs\":[\"https:\/\/claudiacanu.com\/\",\"https:\/\/www.facebook.com\/ClaudiaCanudotCom\/\",\"https:\/\/www.instagram.com\/claudiacanu_com\/\",\"https:\/\/www.pinterest.es\/healthybrunch\/\",\"https:\/\/twitter.com\/claudiacanu_com\"]},{\"@type\":\"WebSite\",\"@id\":\"https:\/\/claudiacanu.com\/#website\",\"url\":\"https:\/\/claudiacanu.com\/\",\"name\":\"Health Motivation\",\"description\":\"Where Nutrition Meets Habits\",\"publisher\":{\"@id\":\"https:\/\/claudiacanu.com\/#\/schema\/person\/d750cd41cc7452fd662b606e9dfc0c81\"},\"potentialAction\":[{\"@type\":\"SearchAction\",\"target\":{\"@type\":\"EntryPoint\",\"urlTemplate\":\"https:\/\/claudiacanu.com\/?s={search_term_string}\"},\"query-input\":\"required name=search_term_string\"}],\"inLanguage\":\"es\"},{\"@type\":\"ImageObject\",\"@id\":\"https:\/\/claudiacanu.com\/es\/sobre-mi\/#primaryimage\",\"inLanguage\":\"es\",\"url\":\"https:\/\/claudiacanu.com\/wp-content\/uploads\/2018\/02\/Claudia-Canu-01.jpg\",\"contentUrl\":\"https:\/\/claudiacanu.com\/wp-content\/uploads\/2018\/02\/Claudia-Canu-01.jpg\",\"width\":774,\"height\":455,\"caption\":\"Claudia Canu-claudiacanu.com\"},{\"@type\":\"WebPage\",\"@id\":\"https:\/\/claudiacanu.com\/es\/sobre-mi\/#webpage\",\"url\":\"https:\/\/claudiacanu.com\/es\/sobre-mi\/\",\"name\":\"Sobre m\\u00ed | Conoce a Claudia Canu y descubre su historia\",\"isPartOf\":{\"@id\":\"https:\/\/claudiacanu.com\/#website\"},\"primaryImageOfPage\":{\"@id\":\"https:\/\/claudiacanu.com\/es\/sobre-mi\/#primaryimage\"},\"datePublished\":\"2018-01-07T22:04:42+00:00\",\"dateModified\":\"2020-05-18T15:02:29+00:00\",\"description\":\"Sol\\u00eda tener una adicci\\u00f3n para todo lo que fuera comida basura. Durante a\\u00f1os, aunque lo intentara, no era capaz de mantener unos h\\u00e1bitos saludables.\",\"breadcrumb\":{\"@id\":\"https:\/\/claudiacanu.com\/es\/sobre-mi\/#breadcrumb\"},\"inLanguage\":\"es\",\"potentialAction\":[{\"@type\":\"ReadAction\",\"target\":[\"https:\/\/claudiacanu.com\/es\/sobre-mi\/\"]}]},{\"@type\":\"BreadcrumbList\",\"@id\":\"https:\/\/claudiacanu.com\/es\/sobre-mi\/#breadcrumb\",\"itemListElement\":[{\"@type\":\"ListItem\",\"position\":1,\"name\":\"Home\",\"item\":\"https:\/\/claudiacanu.com\/\"},{\"@type\":\"ListItem\",\"position\":2,\"name\":\"Sobre m\\u00ed\"}]}]}<\/script>\n<!-- \/ Yoast SEO plugin. -->","yoast_head_json":{"title":"Sobre m\u00ed | Conoce a Claudia Canu y descubre su historia","description":"Sol\u00eda tener una adicci\u00f3n para todo lo que fuera comida basura. Durante a\u00f1os, aunque lo intentara, no era capaz de mantener unos h\u00e1bitos saludables.","robots":{"index":"index","follow":"follow","max-snippet":"max-snippet:-1","max-image-preview":"max-image-preview:large","max-video-preview":"max-video-preview:-1"},"canonical":"https:\/\/claudiacanu.com\/es\/sobre-mi\/","og_locale":"es_ES","og_type":"article","og_title":"Sobre m\u00ed | Conoce a Claudia Canu y descubre su historia","og_description":"Sol\u00eda tener una adicci\u00f3n para todo lo que fuera comida basura. Durante a\u00f1os, aunque lo intentara, no era capaz de mantener unos h\u00e1bitos saludables.","og_url":"https:\/\/claudiacanu.com\/es\/sobre-mi\/","og_site_name":"Health Motivation","article_publisher":"https:\/\/www.facebook.com\/ClaudiaCanudotCom\/","article_modified_time":"2020-05-18T15:02:29+00:00","og_image":[{"width":774,"height":455,"url":"https:\/\/claudiacanu.com\/wp-content\/uploads\/2018\/02\/Claudia-Canu-01.jpg","type":"image\/jpeg"}],"twitter_card":"summary_large_image","twitter_site":"@claudiacanu_com","twitter_misc":{"Tiempo de lectura":"5 minutos"},"schema":{"@context":"https:\/\/schema.org","@graph":[{"@type":["Person","Organization"],"@id":"https:\/\/claudiacanu.com\/#\/schema\/person\/d750cd41cc7452fd662b606e9dfc0c81","name":"Claudia Canu","image":{"@type":"ImageObject","@id":"https:\/\/claudiacanu.com\/#personlogo","inLanguage":"es","url":"https:\/\/secure.gravatar.com\/avatar\/9af21cedf0171d4cf53610e76bb9a76a?s=96&r=g","contentUrl":"https:\/\/secure.gravatar.com\/avatar\/9af21cedf0171d4cf53610e76bb9a76a?s=96&r=g","caption":"Claudia Canu"},"logo":{"@id":"https:\/\/claudiacanu.com\/#personlogo"},"description":"Claudia Canu is a former junk food and sugar addict transformed into a Health Motivator with a master's degree in Nutrition. She has created this website not only to share her \"Journey to her Healthy Forties\" but also to help other busy women with basic knowledge about nutrition and who don\u2019t love cooking, to live a healthier life, and achieve big goals. To get in contact with Claudia, visit the contact page. To read more about her, click here.","sameAs":["https:\/\/claudiacanu.com\/","https:\/\/www.facebook.com\/ClaudiaCanudotCom\/","https:\/\/www.instagram.com\/claudiacanu_com\/","https:\/\/www.pinterest.es\/healthybrunch\/","https:\/\/twitter.com\/claudiacanu_com"]},{"@type":"WebSite","@id":"https:\/\/claudiacanu.com\/#website","url":"https:\/\/claudiacanu.com\/","name":"Health Motivation","description":"Where Nutrition Meets Habits","publisher":{"@id":"https:\/\/claudiacanu.com\/#\/schema\/person\/d750cd41cc7452fd662b606e9dfc0c81"},"potentialAction":[{"@type":"SearchAction","target":{"@type":"EntryPoint","urlTemplate":"https:\/\/claudiacanu.com\/?s={search_term_string}"},"query-input":"required name=search_term_string"}],"inLanguage":"es"},{"@type":"ImageObject","@id":"https:\/\/claudiacanu.com\/es\/sobre-mi\/#primaryimage","inLanguage":"es","url":"https:\/\/claudiacanu.com\/wp-content\/uploads\/2018\/02\/Claudia-Canu-01.jpg","contentUrl":"https:\/\/claudiacanu.com\/wp-content\/uploads\/2018\/02\/Claudia-Canu-01.jpg","width":774,"height":455,"caption":"Claudia Canu-claudiacanu.com"},{"@type":"WebPage","@id":"https:\/\/claudiacanu.com\/es\/sobre-mi\/#webpage","url":"https:\/\/claudiacanu.com\/es\/sobre-mi\/","name":"Sobre m\u00ed | Conoce a Claudia Canu y descubre su historia","isPartOf":{"@id":"https:\/\/claudiacanu.com\/#website"},"primaryImageOfPage":{"@id":"https:\/\/claudiacanu.com\/es\/sobre-mi\/#primaryimage"},"datePublished":"2018-01-07T22:04:42+00:00","dateModified":"2020-05-18T15:02:29+00:00","description":"Sol\u00eda tener una adicci\u00f3n para todo lo que fuera comida basura. Durante a\u00f1os, aunque lo intentara, no era capaz de mantener unos h\u00e1bitos saludables.","breadcrumb":{"@id":"https:\/\/claudiacanu.com\/es\/sobre-mi\/#breadcrumb"},"inLanguage":"es","potentialAction":[{"@type":"ReadAction","target":["https:\/\/claudiacanu.com\/es\/sobre-mi\/"]}]},{"@type":"BreadcrumbList","@id":"https:\/\/claudiacanu.com\/es\/sobre-mi\/#breadcrumb","itemListElement":[{"@type":"ListItem","position":1,"name":"Home","item":"https:\/\/claudiacanu.com\/"},{"@type":"ListItem","position":2,"name":"Sobre m\u00ed"}]}]}},"_links":{"self":[{"href":"https:\/\/claudiacanu.com\/es\/wp-json\/wp\/v2\/pages\/359"}],"collection":[{"href":"https:\/\/claudiacanu.com\/es\/wp-json\/wp\/v2\/pages"}],"about":[{"href":"https:\/\/claudiacanu.com\/es\/wp-json\/wp\/v2\/types\/page"}],"author":[{"embeddable":true,"href":"https:\/\/claudiacanu.com\/es\/wp-json\/wp\/v2\/users\/3"}],"replies":[{"embeddable":true,"href":"https:\/\/claudiacanu.com\/es\/wp-json\/wp\/v2\/comments?post=359"}],"version-history":[{"count":3,"href":"https:\/\/claudiacanu.com\/es\/wp-json\/wp\/v2\/pages\/359\/revisions"}],"predecessor-version":[{"id":8512,"href":"https:\/\/claudiacanu.com\/es\/wp-json\/wp\/v2\/pages\/359\/revisions\/8512"}],"wp:featuredmedia":[{"embeddable":true,"href":"https:\/\/claudiacanu.com\/es\/wp-json\/wp\/v2\/media\/317"}],"wp:attachment":[{"href":"https:\/\/claudiacanu.com\/es\/wp-json\/wp\/v2\/media?parent=359"}],"curies":[{"name":"wp","href":"https:\/\/api.w.org\/{rel}","templated":true}]}}