{"id":516,"date":"2018-02-26T20:19:23","date_gmt":"2018-02-26T19:19:23","guid":{"rendered":"http:\/\/montenegrostudio.com\/claudiacanu\/?page_id=516"},"modified":"2020-02-01T16:52:37","modified_gmt":"2020-02-01T15:52:37","slug":"health-motivation-blog","status":"publish","type":"page","link":"https:\/\/claudiacanu.com\/es\/health-motivation-blog\/","title":{"rendered":"Blog de motivaci\u00f3n de vida saludable"},"content":{"rendered":"","protected":false},"excerpt":{"rendered":"","protected":false},"author":3,"featured_media":0,"parent":0,"menu_order":66,"comment_status":"closed","ping_status":"closed","template":"template-blog.php","meta":{"_monsterinsights_skip_tracking":false,"_monsterinsights_sitenote_active":false,"_monsterinsights_sitenote_note":"","_monsterinsights_sitenote_category":0},"yoast_head":"<!-- This site is optimized with the Yoast SEO plugin v17.5 - https:\/\/yoast.com\/wordpress\/plugins\/seo\/ -->\n<title>Blog de motivaci\u00f3n de vida saludable | Claudia Canu<\/title>\n<meta name=\"description\" content=\"Aqu\u00ed encontrar\u00e1s contenido relacionado con temas de motivaci\u00f3n de vida saludable y de nutrici\u00f3n para que puedas aprender a vivir una vida sana.\" \/>\n<meta name=\"robots\" content=\"index, follow, max-snippet:-1, max-image-preview:large, max-video-preview:-1\" \/>\n<link rel=\"canonical\" href=\"https:\/\/claudiacanu.com\/es\/health-motivation-blog\/\" \/>\n<meta property=\"og:locale\" content=\"es_ES\" \/>\n<meta property=\"og:type\" content=\"article\" \/>\n<meta property=\"og:title\" content=\"Blog de motivaci\u00f3n de vida saludable | Claudia Canu\" \/>\n<meta property=\"og:description\" content=\"Aqu\u00ed encontrar\u00e1s contenido relacionado con temas de motivaci\u00f3n de vida saludable y de nutrici\u00f3n para que puedas aprender a vivir una vida sana.\" \/>\n<meta property=\"og:url\" content=\"https:\/\/claudiacanu.com\/es\/health-motivation-blog\/\" \/>\n<meta property=\"og:site_name\" content=\"Health Motivation\" \/>\n<meta property=\"article:publisher\" content=\"https:\/\/www.facebook.com\/ClaudiaCanudotCom\/\" \/>\n<meta property=\"article:modified_time\" content=\"2020-02-01T15:52:37+00:00\" \/>\n<meta name=\"twitter:card\" content=\"summary_large_image\" \/>\n<meta name=\"twitter:site\" content=\"@claudiacanu_com\" \/>\n<script type=\"application\/ld+json\" class=\"yoast-schema-graph\">{\"@context\":\"https:\/\/schema.org\",\"@graph\":[{\"@type\":[\"Person\",\"Organization\"],\"@id\":\"https:\/\/claudiacanu.com\/#\/schema\/person\/095b61b889bc26b33c8b1a9d72bae8a1\",\"name\":\"Claudia Canu\",\"image\":{\"@type\":\"ImageObject\",\"@id\":\"https:\/\/claudiacanu.com\/#personlogo\",\"inLanguage\":\"es\",\"url\":\"https:\/\/secure.gravatar.com\/avatar\/9af21cedf0171d4cf53610e76bb9a76a?s=96&r=g\",\"contentUrl\":\"https:\/\/secure.gravatar.com\/avatar\/9af21cedf0171d4cf53610e76bb9a76a?s=96&r=g\",\"caption\":\"Claudia Canu\"},\"logo\":{\"@id\":\"https:\/\/claudiacanu.com\/#personlogo\"},\"description\":\"Claudia Canu is a former junk food and sugar addict transformed into a Health Motivator with a master's degree in Nutrition. She has created this website not only to share her \\\"Journey to her Healthy Forties\\\" but also to help other busy women with basic knowledge about nutrition and who don\\u2019t love cooking, to live a healthier life, and achieve big goals. To get in contact with Claudia, visit the contact page. To read more about her, click here.\",\"sameAs\":[\"https:\/\/claudiacanu.com\/\",\"https:\/\/www.facebook.com\/ClaudiaCanudotCom\/\",\"https:\/\/www.instagram.com\/claudiacanu_com\/\",\"https:\/\/www.pinterest.es\/healthybrunch\/\",\"https:\/\/twitter.com\/claudiacanu_com\"]},{\"@type\":\"WebSite\",\"@id\":\"https:\/\/claudiacanu.com\/#website\",\"url\":\"https:\/\/claudiacanu.com\/\",\"name\":\"Health Motivation\",\"description\":\"Where Nutrition Meets Habits\",\"publisher\":{\"@id\":\"https:\/\/claudiacanu.com\/#\/schema\/person\/095b61b889bc26b33c8b1a9d72bae8a1\"},\"potentialAction\":[{\"@type\":\"SearchAction\",\"target\":{\"@type\":\"EntryPoint\",\"urlTemplate\":\"https:\/\/claudiacanu.com\/?s={search_term_string}\"},\"query-input\":\"required name=search_term_string\"}],\"inLanguage\":\"es\"},{\"@type\":\"WebPage\",\"@id\":\"https:\/\/claudiacanu.com\/es\/health-motivation-blog\/#webpage\",\"url\":\"https:\/\/claudiacanu.com\/es\/health-motivation-blog\/\",\"name\":\"Blog de motivaci\\u00f3n de vida saludable | Claudia Canu\",\"isPartOf\":{\"@id\":\"https:\/\/claudiacanu.com\/#website\"},\"datePublished\":\"2018-02-26T19:19:23+00:00\",\"dateModified\":\"2020-02-01T15:52:37+00:00\",\"description\":\"Aqu\\u00ed encontrar\\u00e1s contenido relacionado con temas de motivaci\\u00f3n de vida saludable y de nutrici\\u00f3n para que puedas aprender a vivir una vida sana.\",\"breadcrumb\":{\"@id\":\"https:\/\/claudiacanu.com\/es\/health-motivation-blog\/#breadcrumb\"},\"inLanguage\":\"es\",\"potentialAction\":[{\"@type\":\"ReadAction\",\"target\":[\"https:\/\/claudiacanu.com\/es\/health-motivation-blog\/\"]}]},{\"@type\":\"BreadcrumbList\",\"@id\":\"https:\/\/claudiacanu.com\/es\/health-motivation-blog\/#breadcrumb\",\"itemListElement\":[{\"@type\":\"ListItem\",\"position\":1,\"name\":\"Home\",\"item\":\"https:\/\/claudiacanu.com\/\"},{\"@type\":\"ListItem\",\"position\":2,\"name\":\"Blog de motivaci\\u00f3n de vida saludable\"}]}]}<\/script>\n<!-- \/ Yoast SEO plugin. -->","yoast_head_json":{"title":"Blog de motivaci\u00f3n de vida saludable | Claudia Canu","description":"Aqu\u00ed encontrar\u00e1s contenido relacionado con temas de motivaci\u00f3n de vida saludable y de nutrici\u00f3n para que puedas aprender a vivir una vida sana.","robots":{"index":"index","follow":"follow","max-snippet":"max-snippet:-1","max-image-preview":"max-image-preview:large","max-video-preview":"max-video-preview:-1"},"canonical":"https:\/\/claudiacanu.com\/es\/health-motivation-blog\/","og_locale":"es_ES","og_type":"article","og_title":"Blog de motivaci\u00f3n de vida saludable | Claudia Canu","og_description":"Aqu\u00ed encontrar\u00e1s contenido relacionado con temas de motivaci\u00f3n de vida saludable y de nutrici\u00f3n para que puedas aprender a vivir una vida sana.","og_url":"https:\/\/claudiacanu.com\/es\/health-motivation-blog\/","og_site_name":"Health Motivation","article_publisher":"https:\/\/www.facebook.com\/ClaudiaCanudotCom\/","article_modified_time":"2020-02-01T15:52:37+00:00","twitter_card":"summary_large_image","twitter_site":"@claudiacanu_com","schema":{"@context":"https:\/\/schema.org","@graph":[{"@type":["Person","Organization"],"@id":"https:\/\/claudiacanu.com\/#\/schema\/person\/095b61b889bc26b33c8b1a9d72bae8a1","name":"Claudia Canu","image":{"@type":"ImageObject","@id":"https:\/\/claudiacanu.com\/#personlogo","inLanguage":"es","url":"https:\/\/secure.gravatar.com\/avatar\/9af21cedf0171d4cf53610e76bb9a76a?s=96&r=g","contentUrl":"https:\/\/secure.gravatar.com\/avatar\/9af21cedf0171d4cf53610e76bb9a76a?s=96&r=g","caption":"Claudia Canu"},"logo":{"@id":"https:\/\/claudiacanu.com\/#personlogo"},"description":"Claudia Canu is a former junk food and sugar addict transformed into a Health Motivator with a master's degree in Nutrition. She has created this website not only to share her \"Journey to her Healthy Forties\" but also to help other busy women with basic knowledge about nutrition and who don\u2019t love cooking, to live a healthier life, and achieve big goals. To get in contact with Claudia, visit the contact page. To read more about her, click here.","sameAs":["https:\/\/claudiacanu.com\/","https:\/\/www.facebook.com\/ClaudiaCanudotCom\/","https:\/\/www.instagram.com\/claudiacanu_com\/","https:\/\/www.pinterest.es\/healthybrunch\/","https:\/\/twitter.com\/claudiacanu_com"]},{"@type":"WebSite","@id":"https:\/\/claudiacanu.com\/#website","url":"https:\/\/claudiacanu.com\/","name":"Health Motivation","description":"Where Nutrition Meets Habits","publisher":{"@id":"https:\/\/claudiacanu.com\/#\/schema\/person\/095b61b889bc26b33c8b1a9d72bae8a1"},"potentialAction":[{"@type":"SearchAction","target":{"@type":"EntryPoint","urlTemplate":"https:\/\/claudiacanu.com\/?s={search_term_string}"},"query-input":"required name=search_term_string"}],"inLanguage":"es"},{"@type":"WebPage","@id":"https:\/\/claudiacanu.com\/es\/health-motivation-blog\/#webpage","url":"https:\/\/claudiacanu.com\/es\/health-motivation-blog\/","name":"Blog de motivaci\u00f3n de vida saludable | Claudia Canu","isPartOf":{"@id":"https:\/\/claudiacanu.com\/#website"},"datePublished":"2018-02-26T19:19:23+00:00","dateModified":"2020-02-01T15:52:37+00:00","description":"Aqu\u00ed encontrar\u00e1s contenido relacionado con temas de motivaci\u00f3n de vida saludable y de nutrici\u00f3n para que puedas aprender a vivir una vida sana.","breadcrumb":{"@id":"https:\/\/claudiacanu.com\/es\/health-motivation-blog\/#breadcrumb"},"inLanguage":"es","potentialAction":[{"@type":"ReadAction","target":["https:\/\/claudiacanu.com\/es\/health-motivation-blog\/"]}]},{"@type":"BreadcrumbList","@id":"https:\/\/claudiacanu.com\/es\/health-motivation-blog\/#breadcrumb","itemListElement":[{"@type":"ListItem","position":1,"name":"Home","item":"https:\/\/claudiacanu.com\/"},{"@type":"ListItem","position":2,"name":"Blog de motivaci\u00f3n de vida saludable"}]}]}},"_links":{"self":[{"href":"https:\/\/claudiacanu.com\/es\/wp-json\/wp\/v2\/pages\/516"}],"collection":[{"href":"https:\/\/claudiacanu.com\/es\/wp-json\/wp\/v2\/pages"}],"about":[{"href":"https:\/\/claudiacanu.com\/es\/wp-json\/wp\/v2\/types\/page"}],"author":[{"embeddable":true,"href":"https:\/\/claudiacanu.com\/es\/wp-json\/wp\/v2\/users\/3"}],"replies":[{"embeddable":true,"href":"https:\/\/claudiacanu.com\/es\/wp-json\/wp\/v2\/comments?post=516"}],"version-history":[{"count":3,"href":"https:\/\/claudiacanu.com\/es\/wp-json\/wp\/v2\/pages\/516\/revisions"}],"predecessor-version":[{"id":3807,"href":"https:\/\/claudiacanu.com\/es\/wp-json\/wp\/v2\/pages\/516\/revisions\/3807"}],"wp:attachment":[{"href":"https:\/\/claudiacanu.com\/es\/wp-json\/wp\/v2\/media?parent=516"}],"curies":[{"name":"wp","href":"https:\/\/api.w.org\/{rel}","templated":true}]}}