{"id":895,"date":"2018-03-12T11:02:28","date_gmt":"2018-03-12T10:02:28","guid":{"rendered":"https:\/\/claudiacanu.com\/home\/"},"modified":"2019-10-18T16:47:20","modified_gmt":"2019-10-18T15:47:20","slug":"home","status":"publish","type":"page","link":"https:\/\/claudiacanu.com\/es\/home\/","title":{"rendered":"Motivaci\u00f3n de Vida Saludable"},"content":{"rendered":"\n<p>Aprende a crear y mantener nuevos h\u00e1bitos saludables, encuentra motivaci\u00f3n para empezar tu cambio y disfruta de recetas f\u00e1ciles, sanas y nutritivas.<\/p>\n","protected":false},"excerpt":{"rendered":"<p>Aprende a crear y mantener nuevos h\u00e1bitos saludables, encuentra motivaci\u00f3n para empezar tu cambio y disfruta de recetas f\u00e1ciles, sanas y nutritivas.<\/p>\n","protected":false},"author":3,"featured_media":0,"parent":0,"menu_order":53,"comment_status":"closed","ping_status":"closed","template":"template-home.php","meta":{"_monsterinsights_skip_tracking":false,"_monsterinsights_sitenote_active":false,"_monsterinsights_sitenote_note":"","_monsterinsights_sitenote_category":0},"yoast_head":"<!-- This site is optimized with the Yoast SEO plugin v17.5 - https:\/\/yoast.com\/wordpress\/plugins\/seo\/ -->\n<title>Motivaci\u00f3n y nutrici\u00f3n para una vida m\u00e1s saludable<\/title>\n<meta name=\"description\" content=\"Aprende a crear y mantener nuevos h\u00e1bitos saludables, encuentra motivaci\u00f3n para empezar tu cambio y disfruta de recetas f\u00e1ciles, sanas y nutritivas.\" \/>\n<meta name=\"robots\" content=\"index, follow, max-snippet:-1, max-image-preview:large, max-video-preview:-1\" \/>\n<link rel=\"canonical\" href=\"https:\/\/claudiacanu.com\/es\/\" \/>\n<meta property=\"og:locale\" content=\"es_ES\" \/>\n<meta property=\"og:type\" content=\"article\" \/>\n<meta property=\"og:title\" content=\"Motivaci\u00f3n y nutrici\u00f3n para una vida m\u00e1s saludable\" \/>\n<meta property=\"og:description\" content=\"Aprende a crear y mantener nuevos h\u00e1bitos saludables, encuentra motivaci\u00f3n para empezar tu cambio y disfruta de recetas f\u00e1ciles, sanas y nutritivas.\" \/>\n<meta property=\"og:url\" content=\"https:\/\/claudiacanu.com\/es\/\" \/>\n<meta property=\"og:site_name\" content=\"Health Motivation\" \/>\n<meta property=\"article:publisher\" content=\"https:\/\/www.facebook.com\/ClaudiaCanudotCom\/\" \/>\n<meta property=\"article:modified_time\" content=\"2019-10-18T15:47:20+00:00\" \/>\n<meta property=\"og:image\" content=\"https:\/\/claudiacanu.com\/wp-content\/uploads\/2019\/02\/Claudia-og-fb.png\" \/>\n\t<meta property=\"og:image:width\" content=\"1200\" \/>\n\t<meta property=\"og:image:height\" content=\"630\" \/>\n<meta name=\"twitter:card\" content=\"summary_large_image\" \/>\n<meta name=\"twitter:site\" content=\"@claudiacanu_com\" \/>\n<script type=\"application\/ld+json\" class=\"yoast-schema-graph\">{\"@context\":\"https:\/\/schema.org\",\"@graph\":[{\"@type\":[\"Person\",\"Organization\"],\"@id\":\"https:\/\/claudiacanu.com\/#\/schema\/person\/d750cd41cc7452fd662b606e9dfc0c81\",\"name\":\"Claudia Canu\",\"image\":{\"@type\":\"ImageObject\",\"@id\":\"https:\/\/claudiacanu.com\/#personlogo\",\"inLanguage\":\"es\",\"url\":\"https:\/\/secure.gravatar.com\/avatar\/9af21cedf0171d4cf53610e76bb9a76a?s=96&r=g\",\"contentUrl\":\"https:\/\/secure.gravatar.com\/avatar\/9af21cedf0171d4cf53610e76bb9a76a?s=96&r=g\",\"caption\":\"Claudia Canu\"},\"logo\":{\"@id\":\"https:\/\/claudiacanu.com\/#personlogo\"},\"description\":\"Claudia Canu is a former junk food and sugar addict transformed into a Health Motivator with a master's degree in Nutrition. She has created this website not only to share her \\\"Journey to her Healthy Forties\\\" but also to help other busy women with basic knowledge about nutrition and who don\\u2019t love cooking, to live a healthier life, and achieve big goals. To get in contact with Claudia, visit the contact page. To read more about her, click here.\",\"sameAs\":[\"https:\/\/claudiacanu.com\/\",\"https:\/\/www.facebook.com\/ClaudiaCanudotCom\/\",\"https:\/\/www.instagram.com\/claudiacanu_com\/\",\"https:\/\/www.pinterest.es\/healthybrunch\/\",\"https:\/\/twitter.com\/claudiacanu_com\"]},{\"@type\":\"WebSite\",\"@id\":\"https:\/\/claudiacanu.com\/#website\",\"url\":\"https:\/\/claudiacanu.com\/\",\"name\":\"Health Motivation\",\"description\":\"Where Nutrition Meets Habits\",\"publisher\":{\"@id\":\"https:\/\/claudiacanu.com\/#\/schema\/person\/d750cd41cc7452fd662b606e9dfc0c81\"},\"potentialAction\":[{\"@type\":\"SearchAction\",\"target\":{\"@type\":\"EntryPoint\",\"urlTemplate\":\"https:\/\/claudiacanu.com\/?s={search_term_string}\"},\"query-input\":\"required name=search_term_string\"}],\"inLanguage\":\"es\"},{\"@type\":\"ImageObject\",\"@id\":\"https:\/\/claudiacanu.com\/es\/#primaryimage\",\"inLanguage\":\"es\",\"url\":\"https:\/\/claudiacanu.com\/wp-content\/uploads\/2019\/02\/Claudia-og-fb.png\",\"contentUrl\":\"https:\/\/claudiacanu.com\/wp-content\/uploads\/2019\/02\/Claudia-og-fb.png\",\"width\":1200,\"height\":630,\"caption\":\"Claudia Canu Motivadora de Salud y Nutricionista\"},{\"@type\":\"WebPage\",\"@id\":\"https:\/\/claudiacanu.com\/es\/#webpage\",\"url\":\"https:\/\/claudiacanu.com\/es\/\",\"name\":\"Motivaci\\u00f3n y nutrici\\u00f3n para una vida m\\u00e1s saludable\",\"isPartOf\":{\"@id\":\"https:\/\/claudiacanu.com\/#website\"},\"datePublished\":\"2018-03-12T10:02:28+00:00\",\"dateModified\":\"2019-10-18T15:47:20+00:00\",\"description\":\"Aprende a crear y mantener nuevos h\\u00e1bitos saludables, encuentra motivaci\\u00f3n para empezar tu cambio y disfruta de recetas f\\u00e1ciles, sanas y nutritivas.\",\"breadcrumb\":{\"@id\":\"https:\/\/claudiacanu.com\/es\/#breadcrumb\"},\"inLanguage\":\"es\",\"potentialAction\":[{\"@type\":\"ReadAction\",\"target\":[\"https:\/\/claudiacanu.com\/es\/\"]}]},{\"@type\":\"BreadcrumbList\",\"@id\":\"https:\/\/claudiacanu.com\/es\/#breadcrumb\",\"itemListElement\":[{\"@type\":\"ListItem\",\"position\":1,\"name\":\"Home\",\"item\":\"https:\/\/claudiacanu.com\/\"},{\"@type\":\"ListItem\",\"position\":2,\"name\":\"Motivaci\\u00f3n de Vida Saludable\"}]}]}<\/script>\n<!-- \/ Yoast SEO plugin. -->","yoast_head_json":{"title":"Motivaci\u00f3n y nutrici\u00f3n para una vida m\u00e1s saludable","description":"Aprende a crear y mantener nuevos h\u00e1bitos saludables, encuentra motivaci\u00f3n para empezar tu cambio y disfruta de recetas f\u00e1ciles, sanas y nutritivas.","robots":{"index":"index","follow":"follow","max-snippet":"max-snippet:-1","max-image-preview":"max-image-preview:large","max-video-preview":"max-video-preview:-1"},"canonical":"https:\/\/claudiacanu.com\/es\/","og_locale":"es_ES","og_type":"article","og_title":"Motivaci\u00f3n y nutrici\u00f3n para una vida m\u00e1s saludable","og_description":"Aprende a crear y mantener nuevos h\u00e1bitos saludables, encuentra motivaci\u00f3n para empezar tu cambio y disfruta de recetas f\u00e1ciles, sanas y nutritivas.","og_url":"https:\/\/claudiacanu.com\/es\/","og_site_name":"Health Motivation","article_publisher":"https:\/\/www.facebook.com\/ClaudiaCanudotCom\/","article_modified_time":"2019-10-18T15:47:20+00:00","og_image":[{"width":1200,"height":630,"url":"https:\/\/claudiacanu.com\/wp-content\/uploads\/2019\/02\/Claudia-og-fb.png","type":"image\/png"}],"twitter_card":"summary_large_image","twitter_site":"@claudiacanu_com","schema":{"@context":"https:\/\/schema.org","@graph":[{"@type":["Person","Organization"],"@id":"https:\/\/claudiacanu.com\/#\/schema\/person\/d750cd41cc7452fd662b606e9dfc0c81","name":"Claudia Canu","image":{"@type":"ImageObject","@id":"https:\/\/claudiacanu.com\/#personlogo","inLanguage":"es","url":"https:\/\/secure.gravatar.com\/avatar\/9af21cedf0171d4cf53610e76bb9a76a?s=96&r=g","contentUrl":"https:\/\/secure.gravatar.com\/avatar\/9af21cedf0171d4cf53610e76bb9a76a?s=96&r=g","caption":"Claudia Canu"},"logo":{"@id":"https:\/\/claudiacanu.com\/#personlogo"},"description":"Claudia Canu is a former junk food and sugar addict transformed into a Health Motivator with a master's degree in Nutrition. She has created this website not only to share her \"Journey to her Healthy Forties\" but also to help other busy women with basic knowledge about nutrition and who don\u2019t love cooking, to live a healthier life, and achieve big goals. To get in contact with Claudia, visit the contact page. To read more about her, click here.","sameAs":["https:\/\/claudiacanu.com\/","https:\/\/www.facebook.com\/ClaudiaCanudotCom\/","https:\/\/www.instagram.com\/claudiacanu_com\/","https:\/\/www.pinterest.es\/healthybrunch\/","https:\/\/twitter.com\/claudiacanu_com"]},{"@type":"WebSite","@id":"https:\/\/claudiacanu.com\/#website","url":"https:\/\/claudiacanu.com\/","name":"Health Motivation","description":"Where Nutrition Meets Habits","publisher":{"@id":"https:\/\/claudiacanu.com\/#\/schema\/person\/d750cd41cc7452fd662b606e9dfc0c81"},"potentialAction":[{"@type":"SearchAction","target":{"@type":"EntryPoint","urlTemplate":"https:\/\/claudiacanu.com\/?s={search_term_string}"},"query-input":"required name=search_term_string"}],"inLanguage":"es"},{"@type":"ImageObject","@id":"https:\/\/claudiacanu.com\/es\/#primaryimage","inLanguage":"es","url":"https:\/\/claudiacanu.com\/wp-content\/uploads\/2019\/02\/Claudia-og-fb.png","contentUrl":"https:\/\/claudiacanu.com\/wp-content\/uploads\/2019\/02\/Claudia-og-fb.png","width":1200,"height":630,"caption":"Claudia Canu Motivadora de Salud y Nutricionista"},{"@type":"WebPage","@id":"https:\/\/claudiacanu.com\/es\/#webpage","url":"https:\/\/claudiacanu.com\/es\/","name":"Motivaci\u00f3n y nutrici\u00f3n para una vida m\u00e1s saludable","isPartOf":{"@id":"https:\/\/claudiacanu.com\/#website"},"datePublished":"2018-03-12T10:02:28+00:00","dateModified":"2019-10-18T15:47:20+00:00","description":"Aprende a crear y mantener nuevos h\u00e1bitos saludables, encuentra motivaci\u00f3n para empezar tu cambio y disfruta de recetas f\u00e1ciles, sanas y nutritivas.","breadcrumb":{"@id":"https:\/\/claudiacanu.com\/es\/#breadcrumb"},"inLanguage":"es","potentialAction":[{"@type":"ReadAction","target":["https:\/\/claudiacanu.com\/es\/"]}]},{"@type":"BreadcrumbList","@id":"https:\/\/claudiacanu.com\/es\/#breadcrumb","itemListElement":[{"@type":"ListItem","position":1,"name":"Home","item":"https:\/\/claudiacanu.com\/"},{"@type":"ListItem","position":2,"name":"Motivaci\u00f3n de Vida Saludable"}]}]}},"_links":{"self":[{"href":"https:\/\/claudiacanu.com\/es\/wp-json\/wp\/v2\/pages\/895"}],"collection":[{"href":"https:\/\/claudiacanu.com\/es\/wp-json\/wp\/v2\/pages"}],"about":[{"href":"https:\/\/claudiacanu.com\/es\/wp-json\/wp\/v2\/types\/page"}],"author":[{"embeddable":true,"href":"https:\/\/claudiacanu.com\/es\/wp-json\/wp\/v2\/users\/3"}],"replies":[{"embeddable":true,"href":"https:\/\/claudiacanu.com\/es\/wp-json\/wp\/v2\/comments?post=895"}],"version-history":[{"count":3,"href":"https:\/\/claudiacanu.com\/es\/wp-json\/wp\/v2\/pages\/895\/revisions"}],"predecessor-version":[{"id":6513,"href":"https:\/\/claudiacanu.com\/es\/wp-json\/wp\/v2\/pages\/895\/revisions\/6513"}],"wp:attachment":[{"href":"https:\/\/claudiacanu.com\/es\/wp-json\/wp\/v2\/media?parent=895"}],"curies":[{"name":"wp","href":"https:\/\/api.w.org\/{rel}","templated":true}]}}